{"id":5645,"date":"2026-02-07T18:30:08","date_gmt":"2026-02-07T17:30:08","guid":{"rendered":"https:\/\/rehovot.es\/?page_id=5645"},"modified":"2026-03-30T14:42:28","modified_gmt":"2026-03-30T12:42:28","slug":"legal-notice","status":"publish","type":"page","link":"https:\/\/rehovot.es\/es\/legal-notice\/","title":{"rendered":"AVISO LEGAL"},"content":{"rendered":"<p><strong>1. Datos Identificativos del Titular del Sitio Web<\/strong><br>En cumplimiento con el deber de informaci\u00f3n establecido en la Ley de Servicios de la Sociedad de la Informaci\u00f3n y de Comercio Electr\u00f3nico (LSSI-CE) de Espa\u00f1a, a continuaci\u00f3n se detallan los datos del titular del sitio web:<br>Nombre de la empresa: REHOVOT FINANCIAL HOLISTIC CONSULTANCY, S.L.<br>NIF\/CIF: B24772881<br>Domicilio Social: Calle Marqu\u00e9s de San Esteban, 2., 33206 Gij\u00f3n, Asturias<br>Correo electr\u00f3nico de contacto: info@rehovot.es<\/p>\n\n\n\n<p><strong>2. Proveedor de Alojamiento (Hosting)<\/strong> <br>El sitio web est\u00e1 alojado y mantenido por:<br>Proveedor: Csilla Nadasdi<br>NIF\/NIE: Z3683583T<br>Ubicaci\u00f3n: Siero, Asturias, Espa\u00f1a<br>Contacto: csilla@nadasdi.com<\/p>\n\n\n\n<p><strong>3. Condiciones de Uso y Propiedad Intelectual<\/strong> <br>El usuario asume la responsabilidad del uso del portal. El titular del sitio web posee todos los derechos de propiedad intelectual e industrial del contenido del sitio web. Queda prohibida la reproducci\u00f3n o distribuci\u00f3n con fines comerciales sin la autorizaci\u00f3n del titular.<\/p>\n\n\n\n<p><\/p>","protected":false},"excerpt":{"rendered":"<p>1. Identifying Data of the Website OwnerIn compliance with the duty of information set forth in the Spanish regulations for Information Society Services and Electronic Commerce (LSSI-CE), the following data of the website owner is detailed below:Company Name: REHOVOT FINANCIAL HOLISTIC CONSULTANCY, S.LTax ID (CIF\/NIF): B24772881Registered Office: Calle Marqu\u00e9s de San Esteban, 2., 33206 Gij\u00f3n, [&hellip;]<\/p>\n","protected":false},"author":1,"featured_media":0,"parent":0,"menu_order":0,"comment_status":"closed","ping_status":"closed","template":"","meta":{"_uag_custom_page_level_css":"","site-sidebar-layout":"default","site-content-layout":"","ast-site-content-layout":"default","site-content-style":"default","site-sidebar-style":"default","ast-global-header-display":"","ast-banner-title-visibility":"","ast-main-header-display":"","ast-hfb-above-header-display":"","ast-hfb-below-header-display":"","ast-hfb-mobile-header-display":"","site-post-title":"","ast-breadcrumbs-content":"","ast-featured-img":"","footer-sml-layout":"","ast-disable-related-posts":"","theme-transparent-header-meta":"","adv-header-id-meta":"","stick-header-meta":"","header-above-stick-meta":"","header-main-stick-meta":"","header-below-stick-meta":"","astra-migrate-meta-layouts":"set","ast-page-background-enabled":"default","ast-page-background-meta":{"desktop":{"background-color":"","background-image":"","background-repeat":"repeat","background-position":"center center","background-size":"auto","background-attachment":"scroll","background-type":"","background-media":"","overlay-type":"","overlay-color":"","overlay-opacity":"","overlay-gradient":""},"tablet":{"background-color":"","background-image":"","background-repeat":"repeat","background-position":"center center","background-size":"auto","background-attachment":"scroll","background-type":"","background-media":"","overlay-type":"","overlay-color":"","overlay-opacity":"","overlay-gradient":""},"mobile":{"background-color":"","background-image":"","background-repeat":"repeat","background-position":"center center","background-size":"auto","background-attachment":"scroll","background-type":"","background-media":"","overlay-type":"","overlay-color":"","overlay-opacity":"","overlay-gradient":""}},"ast-content-background-meta":{"desktop":{"background-color":"var(--ast-global-color-5)","background-image":"","background-repeat":"repeat","background-position":"center center","background-size":"auto","background-attachment":"scroll","background-type":"","background-media":"","overlay-type":"","overlay-color":"","overlay-opacity":"","overlay-gradient":""},"tablet":{"background-color":"var(--ast-global-color-5)","background-image":"","background-repeat":"repeat","background-position":"center center","background-size":"auto","background-attachment":"scroll","background-type":"","background-media":"","overlay-type":"","overlay-color":"","overlay-opacity":"","overlay-gradient":""},"mobile":{"background-color":"var(--ast-global-color-5)","background-image":"","background-repeat":"repeat","background-position":"center center","background-size":"auto","background-attachment":"scroll","background-type":"","background-media":"","overlay-type":"","overlay-color":"","overlay-opacity":"","overlay-gradient":""}},"_themeisle_gutenberg_block_has_review":false,"footnotes":""},"class_list":["post-5645","page","type-page","status-publish","hentry"],"uagb_featured_image_src":{"full":false,"thumbnail":false,"medium":false,"medium_large":false,"large":false,"1536x1536":false,"2048x2048":false,"trp-custom-language-flag":false},"uagb_author_info":{"display_name":"ednaroll","author_link":"https:\/\/rehovot.es\/es\/author\/wpmaryrehovot\/"},"uagb_comment_info":0,"uagb_excerpt":"1. Identifying Data of the Website OwnerIn compliance with the duty of information set forth in the Spanish regulations for Information Society Services and Electronic Commerce (LSSI-CE), the following data of the website owner is detailed below:Company Name: REHOVOT FINANCIAL HOLISTIC CONSULTANCY, S.LTax ID (CIF\/NIF): B24772881Registered Office: Calle Marqu\u00e9s de San Esteban, 2., 33206 Gij\u00f3n,&hellip;","_links":{"self":[{"href":"https:\/\/rehovot.es\/es\/wp-json\/wp\/v2\/pages\/5645","targetHints":{"allow":["GET"]}}],"collection":[{"href":"https:\/\/rehovot.es\/es\/wp-json\/wp\/v2\/pages"}],"about":[{"href":"https:\/\/rehovot.es\/es\/wp-json\/wp\/v2\/types\/page"}],"author":[{"embeddable":true,"href":"https:\/\/rehovot.es\/es\/wp-json\/wp\/v2\/users\/1"}],"replies":[{"embeddable":true,"href":"https:\/\/rehovot.es\/es\/wp-json\/wp\/v2\/comments?post=5645"}],"version-history":[{"count":4,"href":"https:\/\/rehovot.es\/es\/wp-json\/wp\/v2\/pages\/5645\/revisions"}],"predecessor-version":[{"id":5791,"href":"https:\/\/rehovot.es\/es\/wp-json\/wp\/v2\/pages\/5645\/revisions\/5791"}],"wp:attachment":[{"href":"https:\/\/rehovot.es\/es\/wp-json\/wp\/v2\/media?parent=5645"}],"curies":[{"name":"wp","href":"https:\/\/api.w.org\/{rel}","templated":true}]}}