{"id":3610,"date":"2026-01-27T11:43:45","date_gmt":"2026-01-27T10:43:45","guid":{"rendered":"https:\/\/rehovot.es\/home\/"},"modified":"2026-02-19T12:58:36","modified_gmt":"2026-02-19T11:58:36","slug":"home","status":"publish","type":"page","link":"https:\/\/rehovot.es\/es\/","title":{"rendered":"Inicio"},"content":{"rendered":"<div data-spectra-id=\"092f9f8c\"\tstyle=\"overflow: visible; --spectra-background-gradient: linear-gradient(160deg, var(--ast-global-color-5) 0%, var(--ast-global-color-4) 100%);\" class=\"spectra-background-overlay has-container-overlay spectra-is-root-container alignfull spectra-overlay-color spectra-overflow spectra-background-gradient wp-block-spectra-container\" data-orientation=\"horizontal\"\t>\n\t\n<div data-spectra-id=\"spectra-mfeyqr9b-nn9f1b\" style=\"overflow: visible\" class=\"spectra-overlay-color is-horizontal-desktop is-horizontal-tablet-from-desktop is-vertical-mobile spectra-overflow wp-block-spectra-container\" data-orientation=\"horizontal\">\n\t\n<div data-spectra-id=\"spectra-mfeylk91-znttwu\" style=\"overflow: visible\" class=\"spectra-overlay-color spectra-overflow wp-block-spectra-container\" data-orientation=\"vertical\">\n\t\n\n<figure data-spectra-id=\"spectra-mg4k9h06-lx4ys5\" class=\"wp-block-image alignleft size-full is-resized\"><img loading=\"lazy\" decoding=\"async\" width=\"1000\" height=\"996\" src=\"https:\/\/rehovot.es\/wp-content\/uploads\/2026\/01\/rehovot_logo_final_medium.png\" alt=\"rehovot logo final medium\" class=\"wp-image-5543\" title=\"Inicio\" srcset=\"https:\/\/rehovot.es\/wp-content\/uploads\/2026\/01\/rehovot_logo_final_medium.png 1000w, https:\/\/rehovot.es\/wp-content\/uploads\/2026\/01\/rehovot_logo_final_medium-300x300.png 300w, https:\/\/rehovot.es\/wp-content\/uploads\/2026\/01\/rehovot_logo_final_medium-100x100.png 100w, https:\/\/rehovot.es\/wp-content\/uploads\/2026\/01\/rehovot_logo_final_medium-600x598.png 600w, https:\/\/rehovot.es\/wp-content\/uploads\/2026\/01\/rehovot_logo_final_medium-150x150.png 150w, https:\/\/rehovot.es\/wp-content\/uploads\/2026\/01\/rehovot_logo_final_medium-768x765.png 768w\" sizes=\"auto, (max-width: 1000px) 100vw, 1000px\" \/><\/figure>\n\n<\/div>\n\n\n<div data-spectra-id=\"62b29cc4\" style=\"overflow: visible\" class=\"spectra-overlay-color spectra-overflow wp-block-spectra-container\" data-orientation=\"vertical\">\n\t\n<div data-spectra-id=\"spectra-e6f9b55f-root\" style=\"overflow: visible\" class=\"spectra-overlay-color spectra-overflow wp-block-spectra-container\" data-orientation=\"vertical\">\n\t\n\n<figure data-spectra-id=\"spectra-mg4k9h0c-mauwku\" class=\"wp-block-image is-resized\"><img loading=\"lazy\" decoding=\"async\" width=\"75\" height=\"33\" src=\"https:\/\/rehovot.es\/wp-content\/uploads\/2019\/07\/logo-leaf-new.png\" alt=\"Logo Leaf New\" class=\"wp-image-2518\" title=\"Inicio\"><\/figure>\n\n\n<div data-spectra-id=\"spectra-e6f9b55f-titlewrap\" style=\"overflow: visible\" class=\"spectra-overlay-color spectra-overflow wp-block-spectra-container\" data-orientation=\"vertical\">\n\t\n\t<h5 data-spectra-id=\"spectra-e6f9b55f-prefix\" class=\"wp-block-spectra-content\">\n\t\tTu mejor socio de negocios \t<\/h5>\n\n\n\t<h1 data-spectra-id=\"spectra-e6f9b55f-title\" class=\"wp-block-spectra-content\">\n\t\tRehovot \"prosperando para florecer\"\t<\/h1>\n\n<\/div>\n\n\n\t<p data-spectra-id=\"spectra-e6f9b55f-desc\" class=\"wp-block-spectra-content\">\n\t\tSi desea que la situaci\u00f3n financiera de su empresa se mantenga actualizada y segura, cont\u00e1ctenos con confianza.\nEn los siguientes idiomas: ingl\u00e9s, espa\u00f1ol, alem\u00e1n y h\u00fangaro.<br>In the following languages: English, Spanish, German, Hungarian\t<\/p>\n\n\n<div data-spectra-id=\"spectra-e6f9b55f-btns\" class=\"wp-block-button spectra-buttons wp-block-spectra-buttons\">\n\t<\/div>\n\n<\/div>\n\n<\/div>\n\n<\/div>\n\n<\/div>\n\n\n<div data-spectra-id=\"spectra-mfkzledl-ti8tuc\"\tstyle=\"overflow: visible; --spectra-background-color: var(--ast-global-color-2);\" class=\"spectra-is-root-container alignfull spectra-overlay-color spectra-overflow spectra-background-color wp-block-spectra-container\" data-orientation=\"vertical\"\t>\n\t\n\t<h2 data-spectra-id=\"spectra-mlqkvqgh-2tcw2l\" style=\"--spectra-text-color: ast-global-color-5\" class=\"has-text-color has-link-color spectra-text-color wp-elements-7e311f365a19d5dc27e73a1f102dfc4e wp-block-spectra-content has-text-color has-ast-global-color-5-color\">\n\t\t\u00bfEst\u00e1 preparado para los tiempos dif\u00edciles?<br>\u00bfCuenta con un equipo financiero fiable en el que pueda confiar?\t<\/h2>\n\n\n<div data-spectra-id=\"spectra-mff0f9yv-ztjrvn\" style=\"overflow: visible\" class=\"spectra-overlay-color spectra-overflow wp-block-spectra-container\" data-orientation=\"horizontal\">\n\t\n<div data-spectra-id=\"spectra-9db0aa83-439c-4051-8661-d03b0b368916\" style=\"overflow: visible;--spectra-background-color: #85ab2f\" class=\"spectra-overlay-color spectra-overflow spectra-background-color wp-block-spectra-container\" data-orientation=\"vertical\">\n\t\n<div data-spectra-id=\"spectra-5dfd010e-149f-4a0d-ba7c-c224b5e10d1b\" style=\"overflow: visible\" class=\"spectra-overlay-color spectra-overflow wp-block-spectra-container\" data-orientation=\"vertical\">\n\t\n\n<div data-spectra-id=\"spectra-2bc3da96-5911-420e-b0ed-3cf6ad6589bd\" class=\"wp-block-spectra-icons\">\n\t\n<div data-spectra-id=\"spectra-1184c3f1-75d4-4ab3-830b-7b3ce2be9d0f\" style=\"--spectra-text-color: #ffffff\" class=\"spectra-text-color wp-block-spectra-icon\">\n\t\t\t\t\t\t<svg class=\"spectra-icon\" xmlns=\"https:\/\/www.w3.org\/2000\/svg\" viewbox=\"0 0 512 512\" focusable=\"false\" style=\"fill: currentColor\" aria-hidden=\"true\"><path d=\"M480 32C497.7 32 512 46.33 512 64C512 81.67 497.7 96 480 96H32C14.33 96 0 81.67 0 64C0 46.33 14.33 32 32 32H480zM32 128H480V416C497.7 416 512 430.3 512 448C512 465.7 497.7 480 480 480H352V352C352 298.1 309 256 256 256C202.1 256 160 298.1 160 352V480H32C14.33 480 0 465.7 0 448C0 430.3 14.33 416 32 416V128z\"><\/path><\/svg>\n\t\t\t\t<\/div>\n\n<\/div>\n\n<\/div>\n\n\n<div data-spectra-id=\"spectra-87f3dbcb-e546-4f79-b1e1-63a36689f33a\" style=\"overflow: visible\" class=\"spectra-overlay-color spectra-overflow wp-block-spectra-container\" data-orientation=\"vertical\">\n\t\n\t<p data-spectra-id=\"spectra-811f75c0-e74b-43d2-b2fd-a71b949e0476\" style=\"--spectra-text-color: ast-global-color-4\" class=\"has-text-color has-link-color spectra-text-color wp-elements-c6f74be8203d12591083f1934187aa83 wp-block-spectra-content has-text-color has-ast-global-color-4-color\">\n\t\t<strong>LIBERTAD<\/strong><br><strong>FINANCIERA<br><\/strong>Alcance sus metas con una hoja de ruta clara y un GPS financiero.\t<\/p>\n\n<\/div>\n\n<\/div>\n\n\n<div data-spectra-id=\"spectra-a088466a-567e-4130-9383-cd546c3e61da\" style=\"overflow: visible;--spectra-background-color: #85ab2f\" class=\"spectra-overlay-color spectra-overflow spectra-background-color wp-block-spectra-container\" data-orientation=\"vertical\">\n\t\n<div data-spectra-id=\"spectra-8b361365-b0d9-4262-b5cd-13829d982925\" style=\"overflow: visible\" class=\"spectra-overlay-color spectra-overflow wp-block-spectra-container\" data-orientation=\"vertical\">\n\t\n\n<div data-spectra-id=\"spectra-0ff8183b-8cab-4e84-af10-802873bab224\" class=\"wp-block-spectra-icons\">\n\t\n<div data-spectra-id=\"spectra-74f6040f-2002-40ab-a223-000196d10373\" style=\"--spectra-text-color: #ffffff\" class=\"spectra-text-color wp-block-spectra-icon\">\n\t\t\t\t\t\t<svg class=\"spectra-icon\" xmlns=\"https:\/\/www.w3.org\/2000\/svg\" viewbox=\"0 0 576 512\" focusable=\"false\" style=\"fill: currentColor\" aria-hidden=\"true\"><path d=\"M512 64C547.3 64 576 92.65 576 128V384C576 419.3 547.3 448 512 448H64C28.65 448 0 419.3 0 384V128C0 92.65 28.65 64 64 64H512zM128 384C128 348.7 99.35 320 64 320V384H128zM64 192C99.35 192 128 163.3 128 128H64V192zM512 384V320C476.7 320 448 348.7 448 384H512zM512 128H448C448 163.3 476.7 192 512 192V128zM288 352C341 352 384 309 384 256C384 202.1 341 160 288 160C234.1 160 192 202.1 192 256C192 309 234.1 352 288 352z\"><\/path><\/svg>\n\t\t\t\t<\/div>\n\n<\/div>\n\n<\/div>\n\n\n<div data-spectra-id=\"spectra-18e7882f-9735-4b05-a540-056a32f4b31e\" style=\"overflow: visible\" class=\"spectra-overlay-color spectra-overflow wp-block-spectra-container\" data-orientation=\"vertical\">\n\t\n\t<p data-spectra-id=\"spectra-925bc06b-e383-4c43-8e45-f584da591df6\" style=\"--spectra-text-color: ast-global-color-4\" class=\"has-text-color has-link-color spectra-text-color wp-elements-8bb88067a3400b7f39ba81263d9800d6 wp-block-spectra-content has-text-color has-ast-global-color-4-color\">\n\t\t<strong>CRECIMIENTO DE LA RIQUEZA, <\/strong><br><strong>MULTIPLICACI\u00d3N<br><\/strong>Smart investments to maximize your returns. \t<\/p>\n\n<\/div>\n\n<\/div>\n\n\n<div data-spectra-id=\"spectra-a9b751f0-b7ef-4c18-8e93-94c2cecd1c46\" style=\"overflow: visible;--spectra-background-color: #85ab2f\" class=\"spectra-overlay-color spectra-overflow spectra-background-color wp-block-spectra-container\" data-orientation=\"vertical\">\n\t\n<div data-spectra-id=\"spectra-482ce24f-646d-4f00-a679-0b5f45366893\" style=\"overflow: visible\" class=\"spectra-overlay-color spectra-overflow wp-block-spectra-container\" data-orientation=\"vertical\">\n\t\n\n<div data-spectra-id=\"spectra-184bb697-ec6b-4155-a027-d1b7967f24e5\" class=\"wp-block-spectra-icons\">\n\t\n<div data-spectra-id=\"spectra-be0b1e53-0f81-4e5b-8f0f-ebeeba5be8ba\" style=\"--spectra-text-color: #ffffff\" class=\"spectra-text-color wp-block-spectra-icon\">\n\t\t\t\t\t\t<svg class=\"spectra-icon\" xmlns=\"https:\/\/www.w3.org\/2000\/svg\" viewbox=\"0 0 576 512\" focusable=\"false\" style=\"fill: currentColor\" aria-hidden=\"true\"><path d=\"M528.3 46.5H388.5c-48.1 0-89.9 33.3-100.4 80.3-10.6-47-52.3-80.3-100.4-80.3H48c-26.5 0-48 21.5-48 48v245.8c0 26.5 21.5 48 48 48h89.7c102.2 0 132.7 24.4 147.3 75 .7 2.8 5.2 2.8 6 0 14.7-50.6 45.2-75 147.3-75H528c26.5 0 48-21.5 48-48V94.6c0-26.4-21.3-47.9-47.7-48.1zM242 311.9c0 1.9-1.5 3.5-3.5 3.5H78.2c-1.9 0-3.5-1.5-3.5-3.5V289c0-1.9 1.5-3.5 3.5-3.5h160.4c1.9 0 3.5 1.5 3.5 3.5v22.9zm0-60.9c0 1.9-1.5 3.5-3.5 3.5H78.2c-1.9 0-3.5-1.5-3.5-3.5v-22.9c0-1.9 1.5-3.5 3.5-3.5h160.4c1.9 0 3.5 1.5 3.5 3.5V251zm0-60.9c0 1.9-1.5 3.5-3.5 3.5H78.2c-1.9 0-3.5-1.5-3.5-3.5v-22.9c0-1.9 1.5-3.5 3.5-3.5h160.4c1.9 0 3.5 1.5 3.5 3.5v22.9zm259.3 121.7c0 1.9-1.5 3.5-3.5 3.5H337.5c-1.9 0-3.5-1.5-3.5-3.5v-22.9c0-1.9 1.5-3.5 3.5-3.5h160.4c1.9 0 3.5 1.5 3.5 3.5v22.9zm0-60.9c0 1.9-1.5 3.5-3.5 3.5H337.5c-1.9 0-3.5-1.5-3.5-3.5V228c0-1.9 1.5-3.5 3.5-3.5h160.4c1.9 0 3.5 1.5 3.5 3.5v22.9zm0-60.9c0 1.9-1.5 3.5-3.5 3.5H337.5c-1.9 0-3.5-1.5-3.5-3.5v-22.8c0-1.9 1.5-3.5 3.5-3.5h160.4c1.9 0 3.5 1.5 3.5 3.5V190z\"><\/path><\/svg>\n\t\t\t\t<\/div>\n\n<\/div>\n\n<\/div>\n\n\n<div data-spectra-id=\"spectra-f767d224-eb30-46f2-b5a0-7275a01eceea\" style=\"overflow: visible\" class=\"spectra-overlay-color spectra-overflow wp-block-spectra-container\" data-orientation=\"vertical\">\n\t\n\t<p data-spectra-id=\"spectra-00f6244e-65d0-40fe-9201-017fe4c8548d\" style=\"--spectra-text-color: ast-global-color-4\" class=\"has-text-color has-link-color spectra-text-color wp-elements-8de5e77763a9dc66edebea06f602d6f4 wp-block-spectra-content has-text-color has-ast-global-color-4-color\">\n\t\t<strong>TARIFAS<\/strong><br><strong>TRANSPARENTES<\/strong><br>Sin costos ocultos, solo una colabo-\nraci\u00f3n honesta y trabajo en equipo.\t<\/p>\n\n<\/div>\n\n<\/div>\n\n<\/div>\n\n<\/div>\n\n\n<div data-spectra-id=\"spectra-mfku1ywf-dskxzi\"\tstyle=\"overflow: visible; --spectra-background-color: var(--ast-global-color-5);\" class=\"spectra-is-root-container spectra-overlay-color spectra-overflow spectra-background-color wp-block-spectra-container\" data-orientation=\"vertical\"\t>\n\t\n\n<div class=\"wp-block-media-text is-stacked-on-mobile is-vertically-aligned-center\" style=\"border-style:none;border-width:0px;padding-top:0;padding-bottom:0\"><figure class=\"wp-block-media-text__media\"><img loading=\"lazy\" decoding=\"async\" width=\"1024\" height=\"1024\" src=\"https:\/\/rehovot.es\/wp-content\/uploads\/2026\/01\/rehovot_about_us.png\" alt=\"rehovot about us\" class=\"wp-image-5552 size-full\" title=\"Inicio\" srcset=\"https:\/\/rehovot.es\/wp-content\/uploads\/2026\/01\/rehovot_about_us.png 1024w, https:\/\/rehovot.es\/wp-content\/uploads\/2026\/01\/rehovot_about_us-300x300.png 300w, https:\/\/rehovot.es\/wp-content\/uploads\/2026\/01\/rehovot_about_us-100x100.png 100w, https:\/\/rehovot.es\/wp-content\/uploads\/2026\/01\/rehovot_about_us-600x600.png 600w, https:\/\/rehovot.es\/wp-content\/uploads\/2026\/01\/rehovot_about_us-150x150.png 150w, https:\/\/rehovot.es\/wp-content\/uploads\/2026\/01\/rehovot_about_us-768x768.png 768w\" sizes=\"auto, (max-width: 1024px) 100vw, 1024px\" \/><\/figure><div class=\"wp-block-media-text__content\">\n<h2 class=\"wp-block-heading\"><strong>Qui\u00e9nes Somos<\/strong><\/h2>\n\n\n\n<p>Somos una empresa dedicada a empoderar a <strong>personas<\/strong>, <strong>familias<\/strong>y <strong>organizaciones <\/strong>a trav\u00e9s de una gesti\u00f3n financiera eficaz y una planificaci\u00f3n estrat\u00e9gica. Nuestra misi\u00f3n es proporcionar soluciones pr\u00e1cticas y sostenibles que fortalezcan la estabilidad financiera, promuevan el crecimiento responsable y mejoren el bienestar general.<\/p>\n\n\n\n<p>Nos especializamos en la <strong>gesti\u00f3n de presupuestos personales y familiares, planificaci\u00f3n financiera estrat\u00e9gica, optimizaci\u00f3n de costos, contabilidad, planificaci\u00f3n fiscal y sostenibilidad financiera a largo plazo.<\/strong>Tambi\u00e9n ofrecemos servicios de declaraci\u00f3n de impuestos, estrategias de inversi\u00f3n, planificaci\u00f3n del crecimiento empresarial y apoyo para la continuidad del negocio y la resiliencia organizacional.<\/p>\n\n\n\n<p>Nuestra experiencia se extiende a la gesti\u00f3n y reducci\u00f3n de deudas, planificaci\u00f3n de inversiones y estrategias de multiplicaci\u00f3n de la riqueza. M\u00e1s all\u00e1 de los servicios financieros, estamos comprometidos con la promoci\u00f3n de una educaci\u00f3n y planificaci\u00f3n financiera responsable.<\/p>\n\n\n\n<p>Para las organizaciones, ofrecemos <strong>desarrollo de liderazgo, formaci\u00f3n en inteligencia emocional, mejora del clima laboral y aumento de la productividad.<\/strong>Tambi\u00e9n apoyamos la gesti\u00f3n del estr\u00e9s, la prevenci\u00f3n del agotamiento (burnout) y la implementaci\u00f3n de pol\u00edticas de conciliaci\u00f3n de la vida laboral y familiar para fomentar equipos m\u00e1s sanos y resilientes.<\/p>\n\n\n\n<p class=\"has-ast-global-color-4-background-color has-background\"><strong>En nuestra esencia, combinamos la experiencia financiera con estrategias de desarrollo humano para construir finanzas m\u00e1s s\u00f3lidas, empresas m\u00e1s fuertes y comunidades m\u00e1s pr\u00f3speras.<\/strong><\/p>\n<\/div><\/div>\n\n<\/div>\n\n\n<div data-spectra-id=\"spectra-mfku5uol-kdnz5e\"\tstyle=\"overflow: visible; --spectra-background-color: var(--ast-global-color-4);\" class=\"spectra-is-root-container alignfull spectra-overlay-color spectra-overflow spectra-background-color wp-block-spectra-container\" data-orientation=\"vertical\"\t>\n\t\n<div data-spectra-id=\"spectra-mff7bkm3-r2pf3y\" style=\"overflow: visible\" class=\"spectra-overlay-color spectra-overflow wp-block-spectra-container\" data-orientation=\"vertical\">\n\t\n\n<figure data-spectra-id=\"spectra-mg4k9h13-8y33ho\" class=\"wp-block-image aligncenter size-full is-resized\"><img loading=\"lazy\" decoding=\"async\" width=\"209\" height=\"90\" src=\"https:\/\/rehovot.es\/wp-content\/uploads\/2021\/03\/basil-leaf.png\" alt=\"Basil Leaf\" class=\"wp-image-3958\" title=\"Inicio\"><\/figure>\n\n<\/div>\n\n<\/div>\n\n\n<div data-spectra-id=\"334dbd97\"\tstyle=\"overflow: visible; --spectra-background-color: var(--ast-global-color-4);\" class=\"spectra-is-root-container alignfull spectra-overlay-color spectra-overflow spectra-background-color wp-block-spectra-container\" data-orientation=\"horizontal\"\t>\n\t\n<div data-spectra-id=\"spectra-mff2lwka-ridu30\" style=\"overflow: visible\" class=\"spectra-overlay-color spectra-overflow wp-block-spectra-container\" data-orientation=\"horizontal\">\n\t\n\n<div class=\"wp-block-columns is-layout-flex wp-container-core-columns-is-layout-28f84493 wp-block-columns-is-layout-flex\">\n<div class=\"wp-block-column is-layout-flow wp-block-column-is-layout-flow\">\n<figure data-spectra-id=\"spectra-mkwng756-i8lupj\" class=\"wp-block-image size-full is-style-default\"><img loading=\"lazy\" decoding=\"async\" width=\"1024\" height=\"1024\" src=\"https:\/\/rehovot.es\/wp-content\/uploads\/2026\/02\/financial_matters.png\" alt=\"financial matters\" class=\"wp-image-5756\" title=\"Inicio\" srcset=\"https:\/\/rehovot.es\/wp-content\/uploads\/2026\/02\/financial_matters.png 1024w, https:\/\/rehovot.es\/wp-content\/uploads\/2026\/02\/financial_matters-300x300.png 300w, https:\/\/rehovot.es\/wp-content\/uploads\/2026\/02\/financial_matters-150x150.png 150w, https:\/\/rehovot.es\/wp-content\/uploads\/2026\/02\/financial_matters-768x768.png 768w, https:\/\/rehovot.es\/wp-content\/uploads\/2026\/02\/financial_matters-600x600.png 600w, https:\/\/rehovot.es\/wp-content\/uploads\/2026\/02\/financial_matters-100x100.png 100w\" sizes=\"auto, (max-width: 1024px) 100vw, 1024px\" \/><\/figure>\n\n\n\n<h3 class=\"wp-block-heading\">Asuntos financieros y bienestar integral de las personas.<\/h3>\n\n\n\n<ul class=\"wp-block-list\">\n<li>Gesti\u00f3n eficaz de los presupuestos personales y familiares. <\/li>\n\n\n\n<li>Empadronamiento, NIE, banco, homologaci\u00f3n.<\/li>\n\n\n\n<li><strong>Declaraci\u00f3n de impuestos<\/strong> (o <strong>\u201cTax filing\u201d<\/strong> \u201cpresentaci\u00f3n de impuestos\u201d, seg\u00fan el contexto). <\/li>\n\n\n\n<li>Gesti\u00f3n y reducci\u00f3n de deudas.<\/li>\n<\/ul>\n\n\n\n<p class=\"has-text-align-center\"><strong><a href=\"mailto:info@rehovot.es\">info@rehovo.es.<\/a><\/strong><\/p>\n<\/div>\n\n\n\n<div class=\"wp-block-column is-layout-flow wp-block-column-is-layout-flow\">\n<figure data-spectra-id=\"spectra-mkwmslp7-v9tj0h\" class=\"wp-block-image size-full\"><img loading=\"lazy\" decoding=\"async\" width=\"1024\" height=\"1024\" src=\"https:\/\/rehovot.es\/wp-content\/uploads\/2026\/02\/financial_health.png\" alt=\"financial health\" class=\"wp-image-5758\" title=\"Inicio\" srcset=\"https:\/\/rehovot.es\/wp-content\/uploads\/2026\/02\/financial_health.png 1024w, https:\/\/rehovot.es\/wp-content\/uploads\/2026\/02\/financial_health-300x300.png 300w, https:\/\/rehovot.es\/wp-content\/uploads\/2026\/02\/financial_health-150x150.png 150w, https:\/\/rehovot.es\/wp-content\/uploads\/2026\/02\/financial_health-768x768.png 768w, https:\/\/rehovot.es\/wp-content\/uploads\/2026\/02\/financial_health-600x600.png 600w, https:\/\/rehovot.es\/wp-content\/uploads\/2026\/02\/financial_health-100x100.png 100w\" sizes=\"auto, (max-width: 1024px) 100vw, 1024px\" \/><\/figure>\n\n\n\n<h3 class=\"wp-block-heading\">Salud financiera y bienestar integral de las empresas.<\/h3>\n\n\n\n<ul class=\"wp-block-list\">\n<li>Planificaci\u00f3n financiera estrat\u00e9gica, optimizaci\u00f3n de presupuestos y control de costes, contabilidad, planificaci\u00f3n fiscal y sostenibilidad financiera.<\/li>\n\n\n\n<li>Empresas y trabajadores aut\u00f3nomos.<\/li>\n\n\n\n<li><strong>Gesti\u00f3n del estr\u00e9s y prevenci\u00f3n del agotamiento (burnout). Equilibrio entre la vida laboral y personal y pol\u00edticas de conciliaci\u00f3n familiar.<\/strong><\/li>\n<\/ul>\n\n\n\n<p class=\"has-text-align-center\"><a href=\"mailto:accounting@rehovot.es\"><strong>accounting@rehovot.es<\/strong><\/a><\/p>\n<\/div>\n\n\n\n<div class=\"wp-block-column is-layout-flow wp-block-column-is-layout-flow\">\n<figure data-spectra-id=\"spectra-mkwne8qa-yzde46\" class=\"wp-block-image size-full\"><img loading=\"lazy\" decoding=\"async\" width=\"1024\" height=\"1024\" src=\"https:\/\/rehovot.es\/wp-content\/uploads\/2026\/02\/rehovot_club.png\" alt=\"rehovot club\" class=\"wp-image-5759\" title=\"Inicio\" srcset=\"https:\/\/rehovot.es\/wp-content\/uploads\/2026\/02\/rehovot_club.png 1024w, https:\/\/rehovot.es\/wp-content\/uploads\/2026\/02\/rehovot_club-300x300.png 300w, https:\/\/rehovot.es\/wp-content\/uploads\/2026\/02\/rehovot_club-150x150.png 150w, https:\/\/rehovot.es\/wp-content\/uploads\/2026\/02\/rehovot_club-768x768.png 768w, https:\/\/rehovot.es\/wp-content\/uploads\/2026\/02\/rehovot_club-600x600.png 600w, https:\/\/rehovot.es\/wp-content\/uploads\/2026\/02\/rehovot_club-100x100.png 100w\" sizes=\"auto, (max-width: 1024px) 100vw, 1024px\" \/><\/figure>\n\n\n\n<h3 class=\"wp-block-heading\">Estrategias de inversi\u00f3n y crecimiento empresarial, continuidad del negocio y resiliencia organizacional.<\/h3>\n\n\n\n<ul class=\"wp-block-list\">\n<li><strong>Investment and business growth strategies, business continuity, and organizational resilience.<\/strong><\/li>\n\n\n\n<li>Incubaci\u00f3n de empresas.<\/li>\n<\/ul>\n\n\n\n<p class=\"has-text-align-center\"><strong><a href=\"mailto:futurebuilders@rehovot.es\">futurebuilders@rehovot.es<\/a><\/strong><\/p>\n<\/div>\n<\/div>\n\n<\/div>\n\n<\/div>\n\n\n<div data-spectra-id=\"1518a083\"\tstyle=\"overflow: visible;\" class=\"spectra-is-root-container alignfull spectra-overlay-color spectra-overflow wp-block-spectra-container\" data-orientation=\"vertical\"\t>\n\t\n\t<h2 data-spectra-id=\"e6ca91be\" class=\"uagb-block-51ac0aa8 wp-block-spectra-content has-background has-linear-gradient-90-deg-rgb-155-81-224-0-rgb-6-147-227-100-gradient-background\">\n\t\tP\u00f3ngase en contacto con nosotros para una consulta profesional.\t<\/h2>\n\n<\/div>\n\n\n\n<p><\/p>","protected":false},"excerpt":{"rendered":"","protected":false},"author":1,"featured_media":5540,"parent":0,"menu_order":0,"comment_status":"closed","ping_status":"closed","template":"","meta":{"_uag_custom_page_level_css":"","site-sidebar-layout":"no-sidebar","site-content-layout":"plain-container","ast-site-content-layout":"full-width-container","site-content-style":"unboxed","site-sidebar-style":"unboxed","ast-global-header-display":"","ast-banner-title-visibility":"","ast-main-header-display":"","ast-hfb-above-header-display":"","ast-hfb-below-header-display":"","ast-hfb-mobile-header-display":"","site-post-title":"disabled","ast-breadcrumbs-content":"","ast-featured-img":"disabled","footer-sml-layout":"","ast-disable-related-posts":"","theme-transparent-header-meta":"default","adv-header-id-meta":"","stick-header-meta":"","header-above-stick-meta":"","header-main-stick-meta":"","header-below-stick-meta":"","astra-migrate-meta-layouts":"set","ast-page-background-enabled":"default","ast-page-background-meta":{"desktop":{"background-color":"","background-image":"","background-repeat":"repeat","background-position":"center center","background-size":"auto","background-attachment":"scroll","background-type":"","background-media":"","overlay-type":"","overlay-color":"","overlay-opacity":"","overlay-gradient":""},"tablet":{"background-color":"","background-image":"","background-repeat":"repeat","background-position":"center center","background-size":"auto","background-attachment":"scroll","background-type":"","background-media":"","overlay-type":"","overlay-color":"","overlay-opacity":"","overlay-gradient":""},"mobile":{"background-color":"","background-image":"","background-repeat":"repeat","background-position":"center center","background-size":"auto","background-attachment":"scroll","background-type":"","background-media":"","overlay-type":"","overlay-color":"","overlay-opacity":"","overlay-gradient":""}},"ast-content-background-meta":{"desktop":{"background-color":"var(--ast-global-color-5)","background-image":"","background-repeat":"repeat","background-position":"center center","background-size":"auto","background-attachment":"scroll","background-type":"","background-media":"","overlay-type":"","overlay-color":"","overlay-opacity":"","overlay-gradient":""},"tablet":{"background-color":"var(--ast-global-color-5)","background-image":"","background-repeat":"repeat","background-position":"center center","background-size":"auto","background-attachment":"scroll","background-type":"","background-media":"","overlay-type":"","overlay-color":"","overlay-opacity":"","overlay-gradient":""},"mobile":{"background-color":"var(--ast-global-color-5)","background-image":"","background-repeat":"repeat","background-position":"center center","background-size":"auto","background-attachment":"scroll","background-type":"","background-media":"","overlay-type":"","overlay-color":"","overlay-opacity":"","overlay-gradient":""}},"_themeisle_gutenberg_block_has_review":false,"footnotes":""},"class_list":["post-3610","page","type-page","status-publish","has-post-thumbnail","hentry"],"uagb_featured_image_src":{"full":["https:\/\/rehovot.es\/wp-content\/uploads\/2026\/01\/cropped-rehovot_logo_final_small-e1770478501125.png",511,404,false],"thumbnail":["https:\/\/rehovot.es\/wp-content\/uploads\/2026\/01\/cropped-rehovot_logo_final_small-e1770478501125-150x150.png",150,150,true],"medium":["https:\/\/rehovot.es\/wp-content\/uploads\/2026\/01\/cropped-rehovot_logo_final_small-e1770478501125-300x237.png",300,237,true],"medium_large":["https:\/\/rehovot.es\/wp-content\/uploads\/2026\/01\/cropped-rehovot_logo_final_small-e1770478501125.png",511,404,false],"large":["https:\/\/rehovot.es\/wp-content\/uploads\/2026\/01\/cropped-rehovot_logo_final_small-e1770478501125.png",511,404,false],"1536x1536":["https:\/\/rehovot.es\/wp-content\/uploads\/2026\/01\/cropped-rehovot_logo_final_small-e1770478501125.png",511,404,false],"2048x2048":["https:\/\/rehovot.es\/wp-content\/uploads\/2026\/01\/cropped-rehovot_logo_final_small-e1770478501125.png",511,404,false],"trp-custom-language-flag":["https:\/\/rehovot.es\/wp-content\/uploads\/2026\/01\/cropped-rehovot_logo_final_small-e1770478501125.png",15,12,false]},"uagb_author_info":{"display_name":"ednaroll","author_link":"https:\/\/rehovot.es\/es\/author\/wpmaryrehovot\/"},"uagb_comment_info":0,"uagb_excerpt":null,"_links":{"self":[{"href":"https:\/\/rehovot.es\/es\/wp-json\/wp\/v2\/pages\/3610","targetHints":{"allow":["GET"]}}],"collection":[{"href":"https:\/\/rehovot.es\/es\/wp-json\/wp\/v2\/pages"}],"about":[{"href":"https:\/\/rehovot.es\/es\/wp-json\/wp\/v2\/types\/page"}],"author":[{"embeddable":true,"href":"https:\/\/rehovot.es\/es\/wp-json\/wp\/v2\/users\/1"}],"replies":[{"embeddable":true,"href":"https:\/\/rehovot.es\/es\/wp-json\/wp\/v2\/comments?post=3610"}],"version-history":[{"count":55,"href":"https:\/\/rehovot.es\/es\/wp-json\/wp\/v2\/pages\/3610\/revisions"}],"predecessor-version":[{"id":5777,"href":"https:\/\/rehovot.es\/es\/wp-json\/wp\/v2\/pages\/3610\/revisions\/5777"}],"wp:featuredmedia":[{"embeddable":true,"href":"https:\/\/rehovot.es\/es\/wp-json\/wp\/v2\/media\/5540"}],"wp:attachment":[{"href":"https:\/\/rehovot.es\/es\/wp-json\/wp\/v2\/media?parent=3610"}],"curies":[{"name":"wp","href":"https:\/\/api.w.org\/{rel}","templated":true}]}}